{"id":6,"date":"2022-10-11T12:33:40","date_gmt":"2022-10-11T12:33:40","guid":{"rendered":"https:\/\/ultraproct.com\/it\/?page_id=6"},"modified":"2022-10-12T14:52:15","modified_gmt":"2022-10-12T12:52:15","slug":"ultraproct","status":"publish","type":"page","link":"https:\/\/ultraproct.com\/it\/","title":{"rendered":"Ultraproct"},"content":{"rendered":"\n<div class=\"wp-block-karopharma-free-text pt-large pb-large bg-center bg-cover bg-no-repeat bg-box undefined\" style=\"background-image:url(https:\/\/ultraproct.com\/cdn-cgi\/image\/format=auto\/app\/uploads\/sites\/2\/2022\/10\/background.png)\"><div class=\"free-text-wrapper container max-w-medium text-center\">\n<div class=\"wp-block-image\"><figure class=\"aligncenter size-large is-resized\"><img loading=\"lazy\" decoding=\"async\" src=\"https:\/\/ultraproct.com\/app\/uploads\/sites\/2\/2022\/10\/Ultraproct-prodotti-1024x449.png\" alt=\"Ultraproct-prodotti\" class=\"wp-image-66\" width=\"512\" height=\"225\" srcset=\"https:\/\/ultraproct.com\/app\/uploads\/sites\/2\/2022\/10\/Ultraproct-prodotti-1024x449.png 1024w, https:\/\/ultraproct.com\/app\/uploads\/sites\/2\/2022\/10\/Ultraproct-prodotti-320x140.png 320w, https:\/\/ultraproct.com\/app\/uploads\/sites\/2\/2022\/10\/Ultraproct-prodotti-768x337.png 768w, https:\/\/ultraproct.com\/app\/uploads\/sites\/2\/2022\/10\/Ultraproct-prodotti-600x263.png 600w, https:\/\/ultraproct.com\/app\/uploads\/sites\/2\/2022\/10\/Ultraproct-prodotti.png 1284w\" sizes=\"auto, (max-width: 512px) 100vw, 512px\" \/><\/figure><\/div>\n\n\n\n<h1 class=\"is-style-heading-huge has-primary-color has-text-color wp-block-heading\" id=\"emorroidi\">Emorroidi?<\/h1>\n\n\n\n<h2 class=\"wp-block-heading\" id=\"prima-che-il-problema-diventi-piu-grande-puoi-provare-ultraproct\">Prima che il problema diventi pi\u00f9 grande, puoi provare Ultraproct.<\/h2>\n\n\n\n<p class=\"is-style-paragraph-preamble\">Ultraproct pu\u00f2 aiutarti ad alleviare i sintomi della patologia emorroidaria.<\/p>\n\n\n\n<div class=\"wp-block-buttons is-layout-flex wp-block-buttons-is-layout-flex\">\n<div class=\"wp-block-button\"><a class=\"wp-block-button__link\" href=\"https:\/\/ultraproct.com\/it\/prodotti\/\">Scopri i prodotti<\/a><\/div>\n<\/div>\n<\/div><\/div>\n\n\n<div class=\"product-list wp-block-karopharma-product-list\" data-testid=\"product-list\">\n      <div class=\"swiper-container\">\n      <div class=\"swiper\">\n        <div class=\"swiper-wrapper\">\n                      <div class=\"swiper-slide\">\n              <div class=\"product-card\" data-testid=\"product-card\">\n  <a\n    href=https:\/\/ultraproct.com\/it\/prodotto\/ultraproct-supposte\/\n    class=\"product-card-link\"\n    title=\"Ultraproct\u00ae Supposte\"\n  >\n  <figure class=\"product-card-image\" data-testid=\"product-image\">\n                          <img decoding=\"async\" src=\"https:\/\/ultraproct.com\/cdn-cgi\/image\/width=700,format=auto\/app\/uploads\/sites\/2\/2022\/10\/Ultraproct-Supposte.png\"\n        srcset=\"https:\/\/ultraproct.com\/cdn-cgi\/image\/width=250,format=auto\/app\/uploads\/sites\/2\/2022\/10\/Ultraproct-Supposte.png 250w,\n                https:\/\/ultraproct.com\/cdn-cgi\/image\/width=500,format=auto\/app\/uploads\/sites\/2\/2022\/10\/Ultraproct-Supposte.png 500w,\n                https:\/\/ultraproct.com\/cdn-cgi\/image\/width=700,format=auto\/app\/uploads\/sites\/2\/2022\/10\/Ultraproct-Supposte.png 700w\"\n        sizes=\"(max-width: 400px) 250px, (max-width: 800px) 500px, 700px\"\n        alt=\"Ultraproct-Supposte\"\n        class=\"img\">\n            <\/figure>\n    <div class=\"product-card-content\">\n      <div class=\"heading-wrapper\">\n        <h2 class=\"heading\">Ultraproct\u00ae Supposte<\/h2>\n      <\/div>\n      <div class=\"product-card-description\">Rapido sollievo dai disturbi<\/div>\n                      <\/div>\n  <\/a>\n      <div class=\"button-wrapper\">\n    <a\n      href=https:\/\/ultraproct.com\/it\/prodotto\/ultraproct-supposte\/\n      target=_self\n      class=\"theme-button button-primary-color rounded-button\"\n      rel=\"noopener\"\n      title=\"Per saperne di pi\u00f9\"\n    >\n       Per saperne di pi\u00f9\n    <\/a>\n<\/div>  <\/div>\n            <\/div>\n                      <div class=\"swiper-slide\">\n              <div class=\"product-card\" data-testid=\"product-card\">\n  <a\n    href=https:\/\/ultraproct.com\/it\/prodotto\/ultraproct-unguento\/\n    class=\"product-card-link\"\n    title=\"Ultraproct\u00ae Unguento\"\n  >\n  <figure class=\"product-card-image\" data-testid=\"product-image\">\n                          <img decoding=\"async\" src=\"https:\/\/ultraproct.com\/cdn-cgi\/image\/width=700,format=auto\/app\/uploads\/sites\/2\/2022\/10\/Ultraproct-Unguento-Rettale2.png\"\n        srcset=\"https:\/\/ultraproct.com\/cdn-cgi\/image\/width=250,format=auto\/app\/uploads\/sites\/2\/2022\/10\/Ultraproct-Unguento-Rettale2.png 250w,\n                https:\/\/ultraproct.com\/cdn-cgi\/image\/width=500,format=auto\/app\/uploads\/sites\/2\/2022\/10\/Ultraproct-Unguento-Rettale2.png 500w,\n                https:\/\/ultraproct.com\/cdn-cgi\/image\/width=700,format=auto\/app\/uploads\/sites\/2\/2022\/10\/Ultraproct-Unguento-Rettale2.png 700w\"\n        sizes=\"(max-width: 400px) 250px, (max-width: 800px) 500px, 700px\"\n        alt=\"\"\n        class=\"img\">\n            <\/figure>\n    <div class=\"product-card-content\">\n      <div class=\"heading-wrapper\">\n        <h2 class=\"heading\">Ultraproct\u00ae Unguento<\/h2>\n      <\/div>\n      <div class=\"product-card-description\">Rapido sollievo dai disturbi\n\n<\/div>\n                      <\/div>\n  <\/a>\n      <div class=\"button-wrapper\">\n    <a\n      href=https:\/\/ultraproct.com\/it\/prodotto\/ultraproct-unguento\/\n      target=_self\n      class=\"theme-button button-primary-color rounded-button\"\n      rel=\"noopener\"\n      title=\"Per saperne di pi\u00f9\"\n    >\n       Per saperne di pi\u00f9\n    <\/a>\n<\/div>  <\/div>\n            <\/div>\n                  <\/div>\n        <div class=\"swiper-scrollbar\"><\/div>\n      <\/div>\n    <\/div>\n  <\/div>\n\n\n\n<div class=\"wp-block-karopharma-free-text pt-large pb-large bg-center bg-cover bg-no-repeat bg-box undefined\" style=\"background-image:url(https:\/\/ultraproct.com\/cdn-cgi\/image\/format=auto\/app\/uploads\/sites\/2\/2022\/10\/background.png)\"><div class=\"free-text-wrapper container max-w-medium text-center\">\n<h2 class=\"wp-block-heading\" id=\"controlla-i-tuoi-sintomi\">Controlla i tuoi sintomi<\/h2>\n\n\n\n<p>Avverti prurito e sensazione di fastidio durante l\u2019evacuazione o da seduto oppure hai notato delle piccole perdite di sangue dopo la defecazione? Potresti soffrire di emorroidi.<\/p>\n\n\n\n<p class=\"is-style-paragraph-body-text\">Le emorroidi allo stadio iniziale sono pi\u00f9 facili da trattare, per questo \u00e8 importante agire prima che il problema diventi pi\u00f9 grande.<\/p>\n\n\n\n<div class=\"wp-block-image\"><figure class=\"aligncenter size-full is-resized\"><img loading=\"lazy\" decoding=\"async\" src=\"https:\/\/ultraproct.com\/app\/uploads\/sites\/2\/2022\/10\/hand-down.png\" alt=\"hand-down\" class=\"wp-image-61\" width=\"65\" height=\"115\" srcset=\"https:\/\/ultraproct.com\/app\/uploads\/sites\/2\/2022\/10\/hand-down.png 260w, https:\/\/ultraproct.com\/app\/uploads\/sites\/2\/2022\/10\/hand-down-180x320.png 180w\" sizes=\"auto, (max-width: 65px) 100vw, 65px\" \/><\/figure><\/div>\n\n\n\n<p>Ultraproct \u00e8 indicato nel trattamento dei sintomi della patologia emorroidaria. Contiene due principi attivi che agiscono su dolore e infiammazione.<\/p>\n\n\n\n<p><strong>La formula a doppia azione di Ultraproct allevia il dolore e riduce prurito e infiammazione.<\/strong> Se il problema persiste si consiglia di rivolgersi al proprio medico.<\/p>\n\n\n\n<div class=\"wp-block-image\"><figure class=\"aligncenter size-full is-resized\"><img loading=\"lazy\" decoding=\"async\" src=\"https:\/\/ultraproct.com\/app\/uploads\/sites\/2\/2022\/10\/check.png\" alt=\"check\" class=\"wp-image-62\" width=\"130\" height=\"102\"\/><\/figure><\/div>\n\n\n\n<h2 class=\"is-style-heading-large has-primary-color has-text-color wp-block-heading\" id=\"unguento-o-supposte\">Unguento o supposte?<\/h2>\n\n\n\n<h3 class=\"wp-block-heading\" id=\"scegli-il-rimedio-adatto-contro-le-emorroidi\">Scegli il rimedio adatto contro le emorroidi<\/h3>\n\n\n\n<div class=\"wp-block-buttons is-layout-flex wp-block-buttons-is-layout-flex\">\n<div class=\"wp-block-button\"><a class=\"wp-block-button__link\" href=\"https:\/\/ultraproct.com\/it\/prodotti\/\">Scopri i prodotti<\/a><\/div>\n<\/div>\n\n\n\n<div class=\"wp-block-image\"><figure class=\"aligncenter size-full is-resized\"><img loading=\"lazy\" decoding=\"async\" src=\"https:\/\/ultraproct.com\/app\/uploads\/sites\/2\/2022\/10\/hand-up.png\" alt=\"hand-up\" class=\"wp-image-64\" width=\"65\" height=\"115\" srcset=\"https:\/\/ultraproct.com\/app\/uploads\/sites\/2\/2022\/10\/hand-up.png 260w, https:\/\/ultraproct.com\/app\/uploads\/sites\/2\/2022\/10\/hand-up-180x320.png 180w\" sizes=\"auto, (max-width: 65px) 100vw, 65px\" \/><\/figure><\/div>\n<\/div><\/div>\n","protected":false},"excerpt":{"rendered":"","protected":false},"author":2,"featured_media":0,"parent":0,"menu_order":0,"comment_status":"closed","ping_status":"closed","template":"","meta":{"_acf_changed":false,"footnotes":""},"from-article-database":[],"class_list":["post-6","page","type-page","status-publish","hentry"],"acf":[],"yoast_head":"<!-- This site is optimized with the Yoast SEO plugin v26.6 - https:\/\/yoast.com\/wordpress\/plugins\/seo\/ -->\n<title>Ultraproct - Ultraproct<\/title>\n<meta name=\"robots\" content=\"index, follow, max-snippet:-1, max-image-preview:large, max-video-preview:-1\" \/>\n<link rel=\"canonical\" href=\"https:\/\/ultraproct.com\/it\/\" \/>\n<meta property=\"og:locale\" content=\"it_IT\" \/>\n<meta property=\"og:type\" content=\"article\" \/>\n<meta property=\"og:title\" content=\"Ultraproct - Ultraproct\" \/>\n<meta property=\"og:url\" content=\"https:\/\/ultraproct.com\/it\/\" \/>\n<meta property=\"og:site_name\" content=\"Ultraproct\" \/>\n<meta property=\"article:modified_time\" content=\"2022-10-12T12:52:15+00:00\" \/>\n<meta property=\"og:image\" content=\"https:\/\/ultraproct.com\/app\/uploads\/sites\/2\/2022\/10\/Ultraproct-prodotti-1024x449.png\" \/>\n<meta name=\"twitter:card\" content=\"summary_large_image\" \/>\n<meta name=\"twitter:label1\" content=\"Tempo di lettura stimato\" \/>\n\t<meta name=\"twitter:data1\" content=\"2 minuti\" \/>\n<script type=\"application\/ld+json\" class=\"yoast-schema-graph\">{\"@context\":\"https:\/\/schema.org\",\"@graph\":[{\"@type\":\"WebPage\",\"@id\":\"https:\/\/ultraproct.com\/it\/\",\"url\":\"https:\/\/ultraproct.com\/it\/\",\"name\":\"Ultraproct - Ultraproct\",\"isPartOf\":{\"@id\":\"https:\/\/ultraproct.com\/it\/#website\"},\"primaryImageOfPage\":{\"@id\":\"https:\/\/ultraproct.com\/it\/#primaryimage\"},\"image\":{\"@id\":\"https:\/\/ultraproct.com\/it\/#primaryimage\"},\"thumbnailUrl\":\"https:\/\/ultraproct.com\/app\/uploads\/sites\/2\/2022\/10\/Ultraproct-prodotti-1024x449.png\",\"datePublished\":\"2022-10-11T12:33:40+00:00\",\"dateModified\":\"2022-10-12T12:52:15+00:00\",\"breadcrumb\":{\"@id\":\"https:\/\/ultraproct.com\/it\/#breadcrumb\"},\"inLanguage\":\"it-IT\",\"potentialAction\":[{\"@type\":\"ReadAction\",\"target\":[\"https:\/\/ultraproct.com\/it\/\"]}]},{\"@type\":\"ImageObject\",\"inLanguage\":\"it-IT\",\"@id\":\"https:\/\/ultraproct.com\/it\/#primaryimage\",\"url\":\"https:\/\/ultraproct.com\/app\/uploads\/sites\/2\/2022\/10\/Ultraproct-prodotti-1024x449.png\",\"contentUrl\":\"https:\/\/ultraproct.com\/app\/uploads\/sites\/2\/2022\/10\/Ultraproct-prodotti-1024x449.png\"},{\"@type\":\"BreadcrumbList\",\"@id\":\"https:\/\/ultraproct.com\/it\/#breadcrumb\",\"itemListElement\":[{\"@type\":\"ListItem\",\"position\":1,\"name\":\"Home\",\"item\":\"https:\/\/ultraproct.com\/it\/\"},{\"@type\":\"ListItem\",\"position\":2,\"name\":\"Ultraproct\"}]},{\"@type\":\"WebSite\",\"@id\":\"https:\/\/ultraproct.com\/it\/#website\",\"url\":\"https:\/\/ultraproct.com\/it\/\",\"name\":\"Ultraproct\",\"description\":\"\",\"publisher\":{\"@id\":\"https:\/\/ultraproct.com\/it\/#organization\"},\"potentialAction\":[{\"@type\":\"SearchAction\",\"target\":{\"@type\":\"EntryPoint\",\"urlTemplate\":\"https:\/\/ultraproct.com\/it\/?s={search_term_string}\"},\"query-input\":{\"@type\":\"PropertyValueSpecification\",\"valueRequired\":true,\"valueName\":\"search_term_string\"}}],\"inLanguage\":\"it-IT\"},{\"@type\":\"Organization\",\"@id\":\"https:\/\/ultraproct.com\/it\/#organization\",\"name\":\"Ultraproct\",\"url\":\"https:\/\/ultraproct.com\/it\/\",\"logo\":{\"@type\":\"ImageObject\",\"inLanguage\":\"it-IT\",\"@id\":\"https:\/\/ultraproct.com\/it\/#\/schema\/logo\/image\/\",\"url\":\"https:\/\/ultraproct.com\/app\/uploads\/sites\/2\/2022\/10\/ultraproct-logo.png\",\"contentUrl\":\"https:\/\/ultraproct.com\/app\/uploads\/sites\/2\/2022\/10\/ultraproct-logo.png\",\"width\":139,\"height\":24,\"caption\":\"Ultraproct\"},\"image\":{\"@id\":\"https:\/\/ultraproct.com\/it\/#\/schema\/logo\/image\/\"}}]}<\/script>\n<!-- \/ Yoast SEO plugin. -->","yoast_head_json":{"title":"Ultraproct - Ultraproct","robots":{"index":"index","follow":"follow","max-snippet":"max-snippet:-1","max-image-preview":"max-image-preview:large","max-video-preview":"max-video-preview:-1"},"canonical":"https:\/\/ultraproct.com\/it\/","og_locale":"it_IT","og_type":"article","og_title":"Ultraproct - Ultraproct","og_url":"https:\/\/ultraproct.com\/it\/","og_site_name":"Ultraproct","article_modified_time":"2022-10-12T12:52:15+00:00","og_image":[{"url":"https:\/\/ultraproct.com\/app\/uploads\/sites\/2\/2022\/10\/Ultraproct-prodotti-1024x449.png","type":"","width":"","height":""}],"twitter_card":"summary_large_image","twitter_misc":{"Tempo di lettura stimato":"2 minuti"},"schema":{"@context":"https:\/\/schema.org","@graph":[{"@type":"WebPage","@id":"https:\/\/ultraproct.com\/it\/","url":"https:\/\/ultraproct.com\/it\/","name":"Ultraproct - Ultraproct","isPartOf":{"@id":"https:\/\/ultraproct.com\/it\/#website"},"primaryImageOfPage":{"@id":"https:\/\/ultraproct.com\/it\/#primaryimage"},"image":{"@id":"https:\/\/ultraproct.com\/it\/#primaryimage"},"thumbnailUrl":"https:\/\/ultraproct.com\/app\/uploads\/sites\/2\/2022\/10\/Ultraproct-prodotti-1024x449.png","datePublished":"2022-10-11T12:33:40+00:00","dateModified":"2022-10-12T12:52:15+00:00","breadcrumb":{"@id":"https:\/\/ultraproct.com\/it\/#breadcrumb"},"inLanguage":"it-IT","potentialAction":[{"@type":"ReadAction","target":["https:\/\/ultraproct.com\/it\/"]}]},{"@type":"ImageObject","inLanguage":"it-IT","@id":"https:\/\/ultraproct.com\/it\/#primaryimage","url":"https:\/\/ultraproct.com\/app\/uploads\/sites\/2\/2022\/10\/Ultraproct-prodotti-1024x449.png","contentUrl":"https:\/\/ultraproct.com\/app\/uploads\/sites\/2\/2022\/10\/Ultraproct-prodotti-1024x449.png"},{"@type":"BreadcrumbList","@id":"https:\/\/ultraproct.com\/it\/#breadcrumb","itemListElement":[{"@type":"ListItem","position":1,"name":"Home","item":"https:\/\/ultraproct.com\/it\/"},{"@type":"ListItem","position":2,"name":"Ultraproct"}]},{"@type":"WebSite","@id":"https:\/\/ultraproct.com\/it\/#website","url":"https:\/\/ultraproct.com\/it\/","name":"Ultraproct","description":"","publisher":{"@id":"https:\/\/ultraproct.com\/it\/#organization"},"potentialAction":[{"@type":"SearchAction","target":{"@type":"EntryPoint","urlTemplate":"https:\/\/ultraproct.com\/it\/?s={search_term_string}"},"query-input":{"@type":"PropertyValueSpecification","valueRequired":true,"valueName":"search_term_string"}}],"inLanguage":"it-IT"},{"@type":"Organization","@id":"https:\/\/ultraproct.com\/it\/#organization","name":"Ultraproct","url":"https:\/\/ultraproct.com\/it\/","logo":{"@type":"ImageObject","inLanguage":"it-IT","@id":"https:\/\/ultraproct.com\/it\/#\/schema\/logo\/image\/","url":"https:\/\/ultraproct.com\/app\/uploads\/sites\/2\/2022\/10\/ultraproct-logo.png","contentUrl":"https:\/\/ultraproct.com\/app\/uploads\/sites\/2\/2022\/10\/ultraproct-logo.png","width":139,"height":24,"caption":"Ultraproct"},"image":{"@id":"https:\/\/ultraproct.com\/it\/#\/schema\/logo\/image\/"}}]}},"_links":{"self":[{"href":"https:\/\/ultraproct.com\/it\/wp-json\/wp\/v2\/pages\/6","targetHints":{"allow":["GET"]}}],"collection":[{"href":"https:\/\/ultraproct.com\/it\/wp-json\/wp\/v2\/pages"}],"about":[{"href":"https:\/\/ultraproct.com\/it\/wp-json\/wp\/v2\/types\/page"}],"author":[{"embeddable":true,"href":"https:\/\/ultraproct.com\/it\/wp-json\/wp\/v2\/users\/2"}],"replies":[{"embeddable":true,"href":"https:\/\/ultraproct.com\/it\/wp-json\/wp\/v2\/comments?post=6"}],"version-history":[{"count":6,"href":"https:\/\/ultraproct.com\/it\/wp-json\/wp\/v2\/pages\/6\/revisions"}],"predecessor-version":[{"id":74,"href":"https:\/\/ultraproct.com\/it\/wp-json\/wp\/v2\/pages\/6\/revisions\/74"}],"wp:attachment":[{"href":"https:\/\/ultraproct.com\/it\/wp-json\/wp\/v2\/media?parent=6"}],"wp:term":[{"taxonomy":"from-article-database","embeddable":true,"href":"https:\/\/ultraproct.com\/it\/wp-json\/wp\/v2\/from-article-database?post=6"}],"curies":[{"name":"wp","href":"https:\/\/api.w.org\/{rel}","templated":true}]}}