{"id":89,"date":"2022-10-12T15:07:30","date_gmt":"2022-10-12T13:07:30","guid":{"rendered":"https:\/\/ultraproct.com\/it\/?page_id=89"},"modified":"2022-11-11T14:16:23","modified_gmt":"2022-11-11T13:16:23","slug":"informazioni-su-ultraproct","status":"publish","type":"page","link":"https:\/\/ultraproct.com\/it\/informazioni-su-ultraproct\/","title":{"rendered":"Informazioni su Ultraproct"},"content":{"rendered":"\n<div class=\"wp-block-karopharma-free-text pt-large pb-large bg-center bg-cover bg-no-repeat bg-box undefined\" style=\"background-image:url(https:\/\/ultraproct.com\/cdn-cgi\/image\/format=auto\/app\/uploads\/sites\/2\/2022\/10\/background.png)\"><div class=\"free-text-wrapper container max-w-medium text-left\">\n<h1 class=\"is-style-heading-large wp-block-heading\" id=\"informazioni-su-ultraproct\">Informazioni su Ultraproct<sup>\u00ae<\/sup><\/h1>\n<\/div><\/div>\n\n\n\n<div class=\"wp-block-karopharma-free-text pt-large pb-large bg-center bg-cover bg-no-repeat  undefined is-style-secondary\" style=\"background-image:url()\"><div class=\"free-text-wrapper container max-w-medium text-center\">\n<p class=\"is-style-paragraph-body-text\">Ultraproct<sup>\u00ae<\/sup> \u00e8 un medicinale indicato per il trattamento delle emorroidi (interne ed esterne), proctiti e ragadi anali.<\/p>\n\n\n\n<p>Ultraproct<sup>\u00ae<\/sup> contiene due principi attivi: fluocortolone (come pivalato e come caproato) e cincocaina cloridrato, i quali esercitano un effetto antinfiammatorio, antipruriginoso e anestetico locale che allevia il dolore.<\/p>\n\n\n\n<p>\u00c8 disponibile come unguento rettale e supposte e pu\u00f2 essere acquistato senza obbligo di prescrizione in farmacia e in parafarmacia.<\/p>\n<\/div><\/div>\n\n\n\n<div class=\"wp-block-karopharma-free-text pt-large pb-large bg-center bg-cover bg-no-repeat  undefined is-style-transparent\" style=\"background-image:url()\"><div class=\"free-text-wrapper container max-w-medium text-left\">\n<h2 class=\"is-style-heading-h2 wp-block-heading\" id=\"storia\">Storia<\/h2>\n\n\n\n<p>Ultraproct aiuta ad alleviare i sintomi della patologia emorroidaria.<\/p>\n\n\n\n<p>La sua formula a doppia azione, contenente anestetici locali e corticosteroidi, allevia rapidamente il dolore e riduce l\u2019infiammazione causata da emorroidi e ragadi anali.<\/p>\n\n\n\n<h2 class=\"is-style-heading-h2 wp-block-heading\" id=\"storia\">Visione<\/h2>\n\n\n\n<p>I disturbi causati da emorroidi e ragadi anali spesso causano disagio ed imbarazzo.<br>La nostra visione \u00e8 quella di offrire un trattamento rapido per i disagi anali.<br>Se trattate in tempo e in maniera opportuna, il problema delle emorroidi pu\u00f2 risolvere rapidamente.<br>Il nostro consiglio \u00e8 di agire tempestivamente prima che il problema diventi pi\u00f9 grande.<\/p>\n<\/div><\/div>\n\n\n<div class=\"product-list wp-block-karopharma-product-list\" data-testid=\"product-list\">\n      <div class=\"swiper-container\">\n      <div class=\"swiper\">\n        <div class=\"swiper-wrapper\">\n                      <div class=\"swiper-slide\">\n              <div class=\"product-card\" data-testid=\"product-card\">\n  <a\n    href=https:\/\/ultraproct.com\/it\/prodotto\/ultraproct-supposte\/\n    class=\"product-card-link\"\n    title=\"Ultraproct\u00ae Supposte\"\n  >\n  <figure class=\"product-card-image\" data-testid=\"product-image\">\n                          <img decoding=\"async\" src=\"https:\/\/ultraproct.com\/cdn-cgi\/image\/width=700,format=auto\/app\/uploads\/sites\/2\/2022\/10\/Ultraproct-Supposte.png\"\n        srcset=\"https:\/\/ultraproct.com\/cdn-cgi\/image\/width=250,format=auto\/app\/uploads\/sites\/2\/2022\/10\/Ultraproct-Supposte.png 250w,\n                https:\/\/ultraproct.com\/cdn-cgi\/image\/width=500,format=auto\/app\/uploads\/sites\/2\/2022\/10\/Ultraproct-Supposte.png 500w,\n                https:\/\/ultraproct.com\/cdn-cgi\/image\/width=700,format=auto\/app\/uploads\/sites\/2\/2022\/10\/Ultraproct-Supposte.png 700w\"\n        sizes=\"(max-width: 400px) 250px, (max-width: 800px) 500px, 700px\"\n        alt=\"Ultraproct-Supposte\"\n        class=\"img\">\n            <\/figure>\n    <div class=\"product-card-content\">\n      <div class=\"heading-wrapper\">\n        <h2 class=\"heading\">Ultraproct\u00ae Supposte<\/h2>\n      <\/div>\n      <div class=\"product-card-description\">Rapido sollievo dai disturbi<\/div>\n                      <\/div>\n  <\/a>\n      <div class=\"button-wrapper\">\n    <a\n      href=https:\/\/ultraproct.com\/it\/prodotto\/ultraproct-supposte\/\n      target=_self\n      class=\"theme-button button-primary-color rounded-button\"\n      rel=\"noopener\"\n      title=\"Per saperne di pi\u00f9\"\n    >\n       Per saperne di pi\u00f9\n    <\/a>\n<\/div>  <\/div>\n            <\/div>\n                      <div class=\"swiper-slide\">\n              <div class=\"product-card\" data-testid=\"product-card\">\n  <a\n    href=https:\/\/ultraproct.com\/it\/prodotto\/ultraproct-unguento\/\n    class=\"product-card-link\"\n    title=\"Ultraproct\u00ae Unguento\"\n  >\n  <figure class=\"product-card-image\" data-testid=\"product-image\">\n                          <img decoding=\"async\" src=\"https:\/\/ultraproct.com\/cdn-cgi\/image\/width=700,format=auto\/app\/uploads\/sites\/2\/2022\/10\/Ultraproct-Unguento-Rettale2.png\"\n        srcset=\"https:\/\/ultraproct.com\/cdn-cgi\/image\/width=250,format=auto\/app\/uploads\/sites\/2\/2022\/10\/Ultraproct-Unguento-Rettale2.png 250w,\n                https:\/\/ultraproct.com\/cdn-cgi\/image\/width=500,format=auto\/app\/uploads\/sites\/2\/2022\/10\/Ultraproct-Unguento-Rettale2.png 500w,\n                https:\/\/ultraproct.com\/cdn-cgi\/image\/width=700,format=auto\/app\/uploads\/sites\/2\/2022\/10\/Ultraproct-Unguento-Rettale2.png 700w\"\n        sizes=\"(max-width: 400px) 250px, (max-width: 800px) 500px, 700px\"\n        alt=\"\"\n        class=\"img\">\n            <\/figure>\n    <div class=\"product-card-content\">\n      <div class=\"heading-wrapper\">\n        <h2 class=\"heading\">Ultraproct\u00ae Unguento<\/h2>\n      <\/div>\n      <div class=\"product-card-description\">Rapido sollievo dai disturbi\n\n<\/div>\n                      <\/div>\n  <\/a>\n      <div class=\"button-wrapper\">\n    <a\n      href=https:\/\/ultraproct.com\/it\/prodotto\/ultraproct-unguento\/\n      target=_self\n      class=\"theme-button button-primary-color rounded-button\"\n      rel=\"noopener\"\n      title=\"Per saperne di pi\u00f9\"\n    >\n       Per saperne di pi\u00f9\n    <\/a>\n<\/div>  <\/div>\n            <\/div>\n                  <\/div>\n        <div class=\"swiper-scrollbar\"><\/div>\n      <\/div>\n    <\/div>\n  <\/div>\n","protected":false},"excerpt":{"rendered":"","protected":false},"author":2,"featured_media":0,"parent":0,"menu_order":0,"comment_status":"closed","ping_status":"closed","template":"","meta":{"_acf_changed":false,"footnotes":""},"from-article-database":[],"class_list":["post-89","page","type-page","status-publish","hentry"],"acf":[],"yoast_head":"<!-- This site is optimized with the Yoast SEO plugin v26.6 - https:\/\/yoast.com\/wordpress\/plugins\/seo\/ -->\n<title>Informazioni su Ultraproct - Ultraproct<\/title>\n<meta name=\"description\" content=\"Ultraproct\u00ae \u00e8 un medicinale indicato per il trattamento delle emorroidi (interne ed esterne), proctiti e ragadi anali.\" \/>\n<meta name=\"robots\" content=\"index, follow, max-snippet:-1, max-image-preview:large, max-video-preview:-1\" \/>\n<link rel=\"canonical\" href=\"https:\/\/ultraproct.com\/it\/informazioni-su-ultraproct\/\" \/>\n<meta property=\"og:locale\" content=\"it_IT\" \/>\n<meta property=\"og:type\" content=\"article\" \/>\n<meta property=\"og:title\" content=\"Informazioni su Ultraproct - Ultraproct\" \/>\n<meta property=\"og:description\" content=\"Ultraproct\u00ae \u00e8 un medicinale indicato per il trattamento delle emorroidi (interne ed esterne), proctiti e ragadi anali.\" \/>\n<meta property=\"og:url\" content=\"https:\/\/ultraproct.com\/it\/informazioni-su-ultraproct\/\" \/>\n<meta property=\"og:site_name\" content=\"Ultraproct\" \/>\n<meta property=\"article:modified_time\" content=\"2022-11-11T13:16:23+00:00\" \/>\n<meta name=\"twitter:card\" content=\"summary_large_image\" \/>\n<meta name=\"twitter:label1\" content=\"Tempo di lettura stimato\" \/>\n\t<meta name=\"twitter:data1\" content=\"1 minuto\" \/>\n<script type=\"application\/ld+json\" class=\"yoast-schema-graph\">{\"@context\":\"https:\/\/schema.org\",\"@graph\":[{\"@type\":\"WebPage\",\"@id\":\"https:\/\/ultraproct.com\/it\/informazioni-su-ultraproct\/\",\"url\":\"https:\/\/ultraproct.com\/it\/informazioni-su-ultraproct\/\",\"name\":\"Informazioni su Ultraproct - Ultraproct\",\"isPartOf\":{\"@id\":\"https:\/\/ultraproct.com\/it\/#website\"},\"datePublished\":\"2022-10-12T13:07:30+00:00\",\"dateModified\":\"2022-11-11T13:16:23+00:00\",\"description\":\"Ultraproct\u00ae \u00e8 un medicinale indicato per il trattamento delle emorroidi (interne ed esterne), proctiti e ragadi anali.\",\"breadcrumb\":{\"@id\":\"https:\/\/ultraproct.com\/it\/informazioni-su-ultraproct\/#breadcrumb\"},\"inLanguage\":\"it-IT\",\"potentialAction\":[{\"@type\":\"ReadAction\",\"target\":[\"https:\/\/ultraproct.com\/it\/informazioni-su-ultraproct\/\"]}]},{\"@type\":\"BreadcrumbList\",\"@id\":\"https:\/\/ultraproct.com\/it\/informazioni-su-ultraproct\/#breadcrumb\",\"itemListElement\":[{\"@type\":\"ListItem\",\"position\":1,\"name\":\"Home\",\"item\":\"https:\/\/ultraproct.com\/it\/\"},{\"@type\":\"ListItem\",\"position\":2,\"name\":\"Informazioni su Ultraproct\"}]},{\"@type\":\"WebSite\",\"@id\":\"https:\/\/ultraproct.com\/it\/#website\",\"url\":\"https:\/\/ultraproct.com\/it\/\",\"name\":\"Ultraproct\",\"description\":\"\",\"publisher\":{\"@id\":\"https:\/\/ultraproct.com\/it\/#organization\"},\"potentialAction\":[{\"@type\":\"SearchAction\",\"target\":{\"@type\":\"EntryPoint\",\"urlTemplate\":\"https:\/\/ultraproct.com\/it\/?s={search_term_string}\"},\"query-input\":{\"@type\":\"PropertyValueSpecification\",\"valueRequired\":true,\"valueName\":\"search_term_string\"}}],\"inLanguage\":\"it-IT\"},{\"@type\":\"Organization\",\"@id\":\"https:\/\/ultraproct.com\/it\/#organization\",\"name\":\"Ultraproct\",\"url\":\"https:\/\/ultraproct.com\/it\/\",\"logo\":{\"@type\":\"ImageObject\",\"inLanguage\":\"it-IT\",\"@id\":\"https:\/\/ultraproct.com\/it\/#\/schema\/logo\/image\/\",\"url\":\"https:\/\/ultraproct.com\/app\/uploads\/sites\/2\/2022\/10\/ultraproct-logo.png\",\"contentUrl\":\"https:\/\/ultraproct.com\/app\/uploads\/sites\/2\/2022\/10\/ultraproct-logo.png\",\"width\":139,\"height\":24,\"caption\":\"Ultraproct\"},\"image\":{\"@id\":\"https:\/\/ultraproct.com\/it\/#\/schema\/logo\/image\/\"}}]}<\/script>\n<!-- \/ Yoast SEO plugin. -->","yoast_head_json":{"title":"Informazioni su Ultraproct - Ultraproct","description":"Ultraproct\u00ae \u00e8 un medicinale indicato per il trattamento delle emorroidi (interne ed esterne), proctiti e ragadi anali.","robots":{"index":"index","follow":"follow","max-snippet":"max-snippet:-1","max-image-preview":"max-image-preview:large","max-video-preview":"max-video-preview:-1"},"canonical":"https:\/\/ultraproct.com\/it\/informazioni-su-ultraproct\/","og_locale":"it_IT","og_type":"article","og_title":"Informazioni su Ultraproct - Ultraproct","og_description":"Ultraproct\u00ae \u00e8 un medicinale indicato per il trattamento delle emorroidi (interne ed esterne), proctiti e ragadi anali.","og_url":"https:\/\/ultraproct.com\/it\/informazioni-su-ultraproct\/","og_site_name":"Ultraproct","article_modified_time":"2022-11-11T13:16:23+00:00","twitter_card":"summary_large_image","twitter_misc":{"Tempo di lettura stimato":"1 minuto"},"schema":{"@context":"https:\/\/schema.org","@graph":[{"@type":"WebPage","@id":"https:\/\/ultraproct.com\/it\/informazioni-su-ultraproct\/","url":"https:\/\/ultraproct.com\/it\/informazioni-su-ultraproct\/","name":"Informazioni su Ultraproct - Ultraproct","isPartOf":{"@id":"https:\/\/ultraproct.com\/it\/#website"},"datePublished":"2022-10-12T13:07:30+00:00","dateModified":"2022-11-11T13:16:23+00:00","description":"Ultraproct\u00ae \u00e8 un medicinale indicato per il trattamento delle emorroidi (interne ed esterne), proctiti e ragadi anali.","breadcrumb":{"@id":"https:\/\/ultraproct.com\/it\/informazioni-su-ultraproct\/#breadcrumb"},"inLanguage":"it-IT","potentialAction":[{"@type":"ReadAction","target":["https:\/\/ultraproct.com\/it\/informazioni-su-ultraproct\/"]}]},{"@type":"BreadcrumbList","@id":"https:\/\/ultraproct.com\/it\/informazioni-su-ultraproct\/#breadcrumb","itemListElement":[{"@type":"ListItem","position":1,"name":"Home","item":"https:\/\/ultraproct.com\/it\/"},{"@type":"ListItem","position":2,"name":"Informazioni su Ultraproct"}]},{"@type":"WebSite","@id":"https:\/\/ultraproct.com\/it\/#website","url":"https:\/\/ultraproct.com\/it\/","name":"Ultraproct","description":"","publisher":{"@id":"https:\/\/ultraproct.com\/it\/#organization"},"potentialAction":[{"@type":"SearchAction","target":{"@type":"EntryPoint","urlTemplate":"https:\/\/ultraproct.com\/it\/?s={search_term_string}"},"query-input":{"@type":"PropertyValueSpecification","valueRequired":true,"valueName":"search_term_string"}}],"inLanguage":"it-IT"},{"@type":"Organization","@id":"https:\/\/ultraproct.com\/it\/#organization","name":"Ultraproct","url":"https:\/\/ultraproct.com\/it\/","logo":{"@type":"ImageObject","inLanguage":"it-IT","@id":"https:\/\/ultraproct.com\/it\/#\/schema\/logo\/image\/","url":"https:\/\/ultraproct.com\/app\/uploads\/sites\/2\/2022\/10\/ultraproct-logo.png","contentUrl":"https:\/\/ultraproct.com\/app\/uploads\/sites\/2\/2022\/10\/ultraproct-logo.png","width":139,"height":24,"caption":"Ultraproct"},"image":{"@id":"https:\/\/ultraproct.com\/it\/#\/schema\/logo\/image\/"}}]}},"_links":{"self":[{"href":"https:\/\/ultraproct.com\/it\/wp-json\/wp\/v2\/pages\/89","targetHints":{"allow":["GET"]}}],"collection":[{"href":"https:\/\/ultraproct.com\/it\/wp-json\/wp\/v2\/pages"}],"about":[{"href":"https:\/\/ultraproct.com\/it\/wp-json\/wp\/v2\/types\/page"}],"author":[{"embeddable":true,"href":"https:\/\/ultraproct.com\/it\/wp-json\/wp\/v2\/users\/2"}],"replies":[{"embeddable":true,"href":"https:\/\/ultraproct.com\/it\/wp-json\/wp\/v2\/comments?post=89"}],"version-history":[{"count":5,"href":"https:\/\/ultraproct.com\/it\/wp-json\/wp\/v2\/pages\/89\/revisions"}],"predecessor-version":[{"id":106,"href":"https:\/\/ultraproct.com\/it\/wp-json\/wp\/v2\/pages\/89\/revisions\/106"}],"wp:attachment":[{"href":"https:\/\/ultraproct.com\/it\/wp-json\/wp\/v2\/media?parent=89"}],"wp:term":[{"taxonomy":"from-article-database","embeddable":true,"href":"https:\/\/ultraproct.com\/it\/wp-json\/wp\/v2\/from-article-database?post=89"}],"curies":[{"name":"wp","href":"https:\/\/api.w.org\/{rel}","templated":true}]}}